{"id":5731,"date":"2025-02-13T22:07:07","date_gmt":"2025-02-13T19:07:07","guid":{"rendered":"https:\/\/vadidanismanlik.com.tr\/iletisim\/"},"modified":"2025-09-09T16:41:33","modified_gmt":"2025-09-09T13:41:33","slug":"contact-us","status":"publish","type":"page","link":"https:\/\/vadidanismanlik.com.tr\/en\/contact-us\/","title":{"rendered":"Contact Us"},"content":{"rendered":"\t\t<div data-elementor-type=\"wp-page\" data-elementor-id=\"5731\" class=\"elementor elementor-5731 elementor-4451\">\n\t\t\t\t\t\t<section class=\"elementor-section elementor-top-section elementor-element elementor-element-7c2aa3e elementor-section-boxed elementor-section-height-default elementor-section-height-default\" data-id=\"7c2aa3e\" data-element_type=\"section\">\n\t\t\t\t\t\t<div class=\"elementor-container elementor-column-gap-default\">\n\t\t\t\t\t<div class=\"elementor-column elementor-col-50 elementor-top-column elementor-element elementor-element-50daf21\" data-id=\"50daf21\" data-element_type=\"column\" data-settings=\"{&quot;background_background&quot;:&quot;classic&quot;}\">\n\t\t\t<div class=\"elementor-widget-wrap elementor-element-populated\">\n\t\t\t\t\t\t<div class=\"elementor-element elementor-element-b2cca65 elementor-widget__width-auto elementor-icon-list--layout-traditional elementor-list-item-link-full_width elementor-widget elementor-widget-icon-list\" data-id=\"b2cca65\" data-element_type=\"widget\" data-widget_type=\"icon-list.default\">\n\t\t\t\t<div class=\"elementor-widget-container\">\n\t\t\t\t\t\t\t<ul class=\"elementor-icon-list-items\">\n\t\t\t\t\t\t\t<li class=\"elementor-icon-list-item\">\n\t\t\t\t\t\t\t\t\t\t\t<span class=\"elementor-icon-list-icon\">\n\t\t\t\t\t\t\t<svg aria-hidden=\"true\" class=\"e-font-icon-svg e-fas-circle\" viewBox=\"0 0 512 512\" xmlns=\"http:\/\/www.w3.org\/2000\/svg\"><path d=\"M256 8C119 8 8 119 8 256s111 248 248 248 248-111 248-248S393 8 256 8z\"><\/path><\/svg>\t\t\t\t\t\t<\/span>\n\t\t\t\t\t\t\t\t\t\t<span class=\"elementor-icon-list-text\">Vadi Consulting<\/span>\n\t\t\t\t\t\t\t\t\t<\/li>\n\t\t\t\t\t\t<\/ul>\n\t\t\t\t\t\t<\/div>\n\t\t\t\t<\/div>\n\t\t\t\t<div class=\"elementor-element elementor-element-434c350 elementor-widget elementor-widget-heading\" data-id=\"434c350\" data-element_type=\"widget\" data-widget_type=\"heading.default\">\n\t\t\t\t<div class=\"elementor-widget-container\">\n\t\t\t\t\t<h2 class=\"elementor-heading-title elementor-size-default\">Get in touch with us<\/h2>\t\t\t\t<\/div>\n\t\t\t\t<\/div>\n\t\t\t\t<div class=\"elementor-element elementor-element-06fa41a elementor-widget elementor-widget-heading\" data-id=\"06fa41a\" data-element_type=\"widget\" data-widget_type=\"heading.default\">\n\t\t\t\t<div class=\"elementor-widget-container\">\n\t\t\t\t\t<p class=\"elementor-heading-title elementor-size-default\">Do you need personalized advice? Our dedicated team is here to help you. Contact us for expert support and customized solutions to meet your needs.<\/p>\t\t\t\t<\/div>\n\t\t\t\t<\/div>\n\t\t\t\t<div class=\"elementor-element elementor-element-9beab9b elementor-widget elementor-widget-flexitype-contact-form7\" data-id=\"9beab9b\" data-element_type=\"widget\" data-widget_type=\"flexitype-contact-form7.default\">\n\t\t\t\t<div class=\"elementor-widget-container\">\n\t\t\t\t\t        <div class=\"flexitype-contact-form-wrapper\">\r\n            \n<div class=\"wpcf7 no-js\" id=\"wpcf7-f5733-o1\" lang=\"en-US\" dir=\"ltr\" data-wpcf7-id=\"5733\">\n<div class=\"screen-reader-response\"><p role=\"status\" aria-live=\"polite\" aria-atomic=\"true\"><\/p> <ul><\/ul><\/div>\n<form action=\"\/en\/wp-json\/wp\/v2\/pages\/5731#wpcf7-f5733-o1\" method=\"post\" class=\"wpcf7-form init\" aria-label=\"Contact form\" novalidate=\"novalidate\" data-status=\"init\">\n<div style=\"display: none;\">\n<input type=\"hidden\" name=\"_wpcf7\" value=\"5733\" \/>\n<input type=\"hidden\" name=\"_wpcf7_version\" value=\"6.0.5\" \/>\n<input type=\"hidden\" name=\"_wpcf7_locale\" value=\"en_US\" \/>\n<input type=\"hidden\" name=\"_wpcf7_unit_tag\" value=\"wpcf7-f5733-o1\" \/>\n<input type=\"hidden\" name=\"_wpcf7_container_post\" value=\"0\" \/>\n<input type=\"hidden\" name=\"_wpcf7_posted_data_hash\" value=\"\" \/>\n<\/div>\n<div class=\"row contact-form\">\n\t<div class=\"col-md-6\">\n\t\t<span class=\"wpcf7-form-control-wrap\" data-name=\"adsoyad\"><input size=\"40\" maxlength=\"400\" class=\"wpcf7-form-control wpcf7-text wpcf7-validates-as-required\" aria-required=\"true\" aria-invalid=\"false\" placeholder=\"Full Name *\" value=\"\" type=\"text\" name=\"adsoyad\" \/><\/span>\n\t<\/div>\n\t<div class=\"col-md-6 md-25\">\n\t\t<span class=\"wpcf7-form-control-wrap\" data-name=\"eposta\"><input size=\"40\" maxlength=\"400\" class=\"wpcf7-form-control wpcf7-email wpcf7-validates-as-required wpcf7-text wpcf7-validates-as-email\" aria-required=\"true\" aria-invalid=\"false\" placeholder=\"Email *\" value=\"\" type=\"email\" name=\"eposta\" \/><\/span>\n\t<\/div>\n       <div class=\"col-md-6\">\n\t\t<span class=\"wpcf7-form-control-wrap\" data-name=\"telefon\"><input size=\"40\" maxlength=\"400\" class=\"wpcf7-form-control wpcf7-text wpcf7-validates-as-required\" aria-required=\"true\" aria-invalid=\"false\" placeholder=\"Phone *\" value=\"\" type=\"text\" name=\"telefon\" \/><\/span>\n\t<\/div>\n\t<div class=\"col-md-6 md-25\">\n\t\t<span class=\"wpcf7-form-control-wrap\" data-name=\"firma\"><input size=\"40\" maxlength=\"400\" class=\"wpcf7-form-control wpcf7-text wpcf7-validates-as-required\" aria-required=\"true\" aria-invalid=\"false\" placeholder=\"Company Name *\" value=\"\" type=\"text\" name=\"firma\" \/><\/span>\n\t<\/div>\n\t<div class=\"col-lg-12\">\n\t\t<span class=\"wpcf7-form-control-wrap\" data-name=\"mesaj\"><textarea cols=\"40\" rows=\"10\" maxlength=\"2000\" class=\"wpcf7-form-control wpcf7-textarea wpcf7-validates-as-required\" aria-required=\"true\" aria-invalid=\"false\" placeholder=\"Your Message *\" name=\"mesaj\"><\/textarea><\/span>\n\t<\/div>\n\t<div class=\"col-lg-12\">\n\t<input class=\"wpcf7-form-control wpcf7-submit has-spinner\" type=\"submit\" value=\"Submit\" \/>\n\t<\/div>\n<\/div><div class=\"wpcf7-response-output\" aria-hidden=\"true\"><\/div>\n<\/form>\n<\/div>\n        <\/div>\r\n        \t\t\t\t<\/div>\n\t\t\t\t<\/div>\n\t\t\t\t\t<\/div>\n\t\t<\/div>\n\t\t\t\t<div class=\"elementor-column elementor-col-50 elementor-top-column elementor-element elementor-element-a07bc67\" data-id=\"a07bc67\" data-element_type=\"column\">\n\t\t\t<div class=\"elementor-widget-wrap elementor-element-populated\">\n\t\t\t\t\t\t<div class=\"elementor-element elementor-element-14300c5 elementor-widget elementor-widget-flexitype-icon-box\" data-id=\"14300c5\" data-element_type=\"widget\" data-widget_type=\"flexitype-icon-box.default\">\n\t\t\t\t<div class=\"elementor-widget-container\">\n\t\t\t\t\t\r\n        <div class=\"icon__box-item  \">\r\n                                                                        <a href=\"https:\/\/maps.app.goo.gl\/LshHdFvJKsyRLs7a9\" target=\"_blank\" rel=\"noopener\">\r\n                        <div class=\"icon__box-item-icon\">\r\n                            <i aria-hidden=\"true\" class=\"flaticon flaticon-location\"><\/i>                                                    <\/div>\r\n                    <\/a>\r\n                                        <div class=\"icon__box-item-content\">\r\n                <div class=\"title\">\r\n                                            <h5>\r\n                                                            <a href=\"https:\/\/maps.app.goo.gl\/LshHdFvJKsyRLs7a9\" target=\"_blank\" rel=\"noopener\">\r\n                                    Address                                <\/a>\r\n                                                    <\/h5>\r\n                                                                <p><a href=\"https:\/\/maps.app.goo.gl\/LshHdFvJKsyRLs7a9\" target=\"_blank\" rel=\"noopener\">Mustafa Kemal Mah. 2131. Cd. Neta Plaza No: 6\/12 \u00c7ankaya \/ Ankara \/ TURKIYE<\/a><\/p>\n                                    <\/div>\r\n                            <\/div>\r\n        <\/div>\r\n\r\n        \t\t\t\t<\/div>\n\t\t\t\t<\/div>\n\t\t\t\t<div class=\"elementor-element elementor-element-83904e6 elementor-widget elementor-widget-flexitype-icon-box\" data-id=\"83904e6\" data-element_type=\"widget\" data-widget_type=\"flexitype-icon-box.default\">\n\t\t\t\t<div class=\"elementor-widget-container\">\n\t\t\t\t\t\r\n        <div class=\"icon__box-item  \">\r\n                                                                        <a href=\"tel:+905058293439\">\r\n                        <div class=\"icon__box-item-icon\">\r\n                            <i aria-hidden=\"true\" class=\"flaticon flaticon-telephone-call\"><\/i>                                                    <\/div>\r\n                    <\/a>\r\n                                        <div class=\"icon__box-item-content\">\r\n                <div class=\"title\">\r\n                                            <h5>\r\n                                                            <a href=\"tel:+905058293439\">\r\n                                    Phone                                <\/a>\r\n                                                    <\/h5>\r\n                                                                <p><a href=\"tel:+905058293439\">+90 (505) 829 3439<\/a><\/p>\n                                    <\/div>\r\n                            <\/div>\r\n        <\/div>\r\n\r\n        \t\t\t\t<\/div>\n\t\t\t\t<\/div>\n\t\t\t\t<div class=\"elementor-element elementor-element-9a51001 elementor-widget elementor-widget-flexitype-icon-box\" data-id=\"9a51001\" data-element_type=\"widget\" data-widget_type=\"flexitype-icon-box.default\">\n\t\t\t\t<div class=\"elementor-widget-container\">\n\t\t\t\t\t\r\n        <div class=\"icon__box-item  \">\r\n                                                                        <a href=\"mailto:report@vadidanismanlik.com\">\r\n                        <div class=\"icon__box-item-icon\">\r\n                            <i aria-hidden=\"true\" class=\"flaticon flaticon-email-5\"><\/i>                                                    <\/div>\r\n                    <\/a>\r\n                                        <div class=\"icon__box-item-content\">\r\n                <div class=\"title\">\r\n                                            <h5>\r\n                                                            <a href=\"mailto:report@vadidanismanlik.com\">\r\n                                    Email                                <\/a>\r\n                                                    <\/h5>\r\n                                                                <p><a href=\"mailto:report@vadidanismanlik.com\">report@vadidanismanlik.com\/a&gt;<\/p>\n                                    <\/div>\r\n                            <\/div>\r\n        <\/div>\r\n\r\n        \t\t\t\t<\/div>\n\t\t\t\t<\/div>\n\t\t\t\t\t<\/div>\n\t\t<\/div>\n\t\t\t\t\t<\/div>\n\t\t<\/section>\n\t\t\t\t<section class=\"elementor-section elementor-top-section elementor-element elementor-element-c93e775 elementor-section-boxed elementor-section-height-default elementor-section-height-default\" data-id=\"c93e775\" data-element_type=\"section\">\n\t\t\t\t\t\t<div class=\"elementor-container elementor-column-gap-default\">\n\t\t\t\t\t<div class=\"elementor-column elementor-col-100 elementor-top-column elementor-element elementor-element-bdf797c\" data-id=\"bdf797c\" data-element_type=\"column\">\n\t\t\t<div class=\"elementor-widget-wrap elementor-element-populated\">\n\t\t\t\t\t\t<div class=\"elementor-element elementor-element-0b56ccf elementor-widget elementor-widget-google_maps\" data-id=\"0b56ccf\" data-element_type=\"widget\" data-widget_type=\"google_maps.default\">\n\t\t\t\t<div class=\"elementor-widget-container\">\n\t\t\t\t\t\t\t<div class=\"elementor-custom-embed\">\n\t\t\t<iframe loading=\"lazy\"\n\t\t\t\t\tsrc=\"https:\/\/maps.google.com\/maps?q=Vadi%20Dan%C4%B1%C5%9Fmanl%C4%B1k%20E%C4%9Fitim%20A.%C5%9E.%20Mustafa%20Kemal%20Mah.%202131.%20Cd.%20&#038;t=m&#038;z=17&#038;output=embed&#038;iwloc=near\"\n\t\t\t\t\ttitle=\"Vadi Dan\u0131\u015fmanl\u0131k E\u011fitim A.\u015e. Mustafa Kemal Mah. 2131. Cd. \"\n\t\t\t\t\taria-label=\"Vadi Dan\u0131\u015fmanl\u0131k E\u011fitim A.\u015e. Mustafa Kemal Mah. 2131. Cd. \"\n\t\t\t><\/iframe>\n\t\t<\/div>\n\t\t\t\t\t\t<\/div>\n\t\t\t\t<\/div>\n\t\t\t\t\t<\/div>\n\t\t<\/div>\n\t\t\t\t\t<\/div>\n\t\t<\/section>\n\t\t\t\t<\/div>\n\t\t","protected":false},"excerpt":{"rendered":"<p>Vadi Consulting Get in touch with us Do you need personalized advice? Our dedicated team is here to help you. Contact us for expert support and customized solutions to meet your needs. Address Mustafa Kemal Mah. 2131. Cd. Neta Plaza No: 6\/12 \u00c7ankaya \/ Ankara \/ TURKIYE Phone +90 (505) 829 3439 Email report@vadidanismanlik.com\/a&gt;<\/p>\n","protected":false},"author":1,"featured_media":0,"parent":0,"menu_order":0,"comment_status":"closed","ping_status":"closed","template":"page-builder.php","meta":{"footnotes":""},"class_list":["post-5731","page","type-page","status-publish","hentry"],"_links":{"self":[{"href":"https:\/\/vadidanismanlik.com.tr\/en\/wp-json\/wp\/v2\/pages\/5731","targetHints":{"allow":["GET"]}}],"collection":[{"href":"https:\/\/vadidanismanlik.com.tr\/en\/wp-json\/wp\/v2\/pages"}],"about":[{"href":"https:\/\/vadidanismanlik.com.tr\/en\/wp-json\/wp\/v2\/types\/page"}],"author":[{"embeddable":true,"href":"https:\/\/vadidanismanlik.com.tr\/en\/wp-json\/wp\/v2\/users\/1"}],"replies":[{"embeddable":true,"href":"https:\/\/vadidanismanlik.com.tr\/en\/wp-json\/wp\/v2\/comments?post=5731"}],"version-history":[{"count":11,"href":"https:\/\/vadidanismanlik.com.tr\/en\/wp-json\/wp\/v2\/pages\/5731\/revisions"}],"predecessor-version":[{"id":6079,"href":"https:\/\/vadidanismanlik.com.tr\/en\/wp-json\/wp\/v2\/pages\/5731\/revisions\/6079"}],"wp:attachment":[{"href":"https:\/\/vadidanismanlik.com.tr\/en\/wp-json\/wp\/v2\/media?parent=5731"}],"curies":[{"name":"wp","href":"https:\/\/api.w.org\/{rel}","templated":true}]}}