{"id":5661,"date":"2025-02-20T10:09:57","date_gmt":"2025-02-20T07:09:57","guid":{"rendered":"https:\/\/vadidanismanlik.com.tr\/egitim-hizmetleri\/"},"modified":"2025-12-05T16:45:35","modified_gmt":"2025-12-05T13:45:35","slug":"education-services","status":"publish","type":"page","link":"https:\/\/vadidanismanlik.com.tr\/en\/education-services\/","title":{"rendered":"Education Services"},"content":{"rendered":"\t\t<div data-elementor-type=\"wp-page\" data-elementor-id=\"5661\" class=\"elementor elementor-5661 elementor-4908\">\n\t\t\t\t\t\t<section class=\"elementor-section elementor-top-section elementor-element elementor-element-9a6b9a9 elementor-section-full_width elementor-section-height-default elementor-section-height-default\" data-id=\"9a6b9a9\" data-element_type=\"section\">\n\t\t\t\t\t\t<div class=\"elementor-container elementor-column-gap-no\">\n\t\t\t\t\t<div class=\"elementor-column elementor-col-100 elementor-top-column elementor-element elementor-element-dff9d29\" data-id=\"dff9d29\" data-element_type=\"column\">\n\t\t\t<div class=\"elementor-widget-wrap elementor-element-populated\">\n\t\t\t\t\t\t<div class=\"elementor-element elementor-element-8676158 elementor-widget elementor-widget-heading\" data-id=\"8676158\" data-element_type=\"widget\" data-widget_type=\"heading.default\">\n\t\t\t\t<div class=\"elementor-widget-container\">\n\t\t\t\t\t<h2 class=\"elementor-heading-title elementor-size-default\">E\u011fitim Hizmetleri<\/h2>\t\t\t\t<\/div>\n\t\t\t\t<\/div>\n\t\t\t\t<div class=\"elementor-element elementor-element-1ad9448 elementor-widget elementor-widget-heading\" data-id=\"1ad9448\" data-element_type=\"widget\" data-widget_type=\"heading.default\">\n\t\t\t\t<div class=\"elementor-widget-container\">\n\t\t\t\t\t<p class=\"elementor-heading-title elementor-size-default\">E\u011fitimlerimiz, kat\u0131l\u0131mc\u0131lar\u0131n ger\u00e7ek d\u00fcnyadaki i\u015f problemleriyle ilgili bilgi edinmelerini sa\u011flayacak \u015fekilde tasarlanm\u0131\u015ft\u0131r. E\u011fitimlerimiz; interaktif oturumlar, vaka analizleri, grup tart\u0131\u015fmalar\u0131 ve pratik uygulamalarla zenginle\u015ftirilmi\u015ftir. Kat\u0131l\u0131mc\u0131lar, teorik bilgileri pratikte nas\u0131l kullanacaklar\u0131n\u0131 \u00f6\u011frenirken, uzman e\u011fitmenlerden direkt geri bildirim alarak e\u011fitim s\u00fcrecini daha verimli hale getirebilirler.<\/p>\t\t\t\t<\/div>\n\t\t\t\t<\/div>\n\t\t\t\t<div class=\"elementor-element elementor-element-d1cc88c elementor-widget elementor-widget-heading\" data-id=\"d1cc88c\" data-element_type=\"widget\" data-widget_type=\"heading.default\">\n\t\t\t\t<div class=\"elementor-widget-container\">\n\t\t\t\t\t<h2 class=\"elementor-heading-title elementor-size-default\">Neden Vadi Dan\u0131\u015fmanl\u0131k?<\/h2>\t\t\t\t<\/div>\n\t\t\t\t<\/div>\n\t\t\t\t<div class=\"elementor-element elementor-element-add3993 elementor-view-framed elementor-shape-rounded elementor-position-left elementor-vertical-align-middle elementor-mobile-position-top elementor-widget elementor-widget-icon-box\" data-id=\"add3993\" data-element_type=\"widget\" data-widget_type=\"icon-box.default\">\n\t\t\t\t<div class=\"elementor-widget-container\">\n\t\t\t\t\t\t\t<div class=\"elementor-icon-box-wrapper\">\n\n\t\t\t\t\t\t<div class=\"elementor-icon-box-icon\">\n\t\t\t\t<span  class=\"elementor-icon\">\n\t\t\t\t<i aria-hidden=\"true\" class=\"flaticon flaticon-right-arrow\"><\/i>\t\t\t\t<\/span>\n\t\t\t<\/div>\n\t\t\t\n\t\t\t\t\t\t<div class=\"elementor-icon-box-content\">\n\n\t\t\t\t\t\t\t\t\t<h3 class=\"elementor-icon-box-title\">\n\t\t\t\t\t\t<span  >\n\t\t\t\t\t\t\tTecr\u00fcbeli E\u011fitmenler\t\t\t\t\t\t<\/span>\n\t\t\t\t\t<\/h3>\n\t\t\t\t\n\t\t\t\t\t\t\t\t\t<p class=\"elementor-icon-box-description\">\n\t\t\t\t\t\tAlan\u0131nda uzman ve sekt\u00f6rde deneyim kazanm\u0131\u015f e\u011fitmen kadromuzla, kat\u0131l\u0131mc\u0131lara derinlemesine bilgi ve stratejiler sunuyoruz.\t\t\t\t\t<\/p>\n\t\t\t\t\n\t\t\t<\/div>\n\t\t\t\n\t\t<\/div>\n\t\t\t\t\t\t<\/div>\n\t\t\t\t<\/div>\n\t\t\t\t<div class=\"elementor-element elementor-element-b68e3dc elementor-view-framed elementor-shape-rounded elementor-position-left elementor-vertical-align-middle elementor-mobile-position-top elementor-widget elementor-widget-icon-box\" data-id=\"b68e3dc\" data-element_type=\"widget\" data-widget_type=\"icon-box.default\">\n\t\t\t\t<div class=\"elementor-widget-container\">\n\t\t\t\t\t\t\t<div class=\"elementor-icon-box-wrapper\">\n\n\t\t\t\t\t\t<div class=\"elementor-icon-box-icon\">\n\t\t\t\t<span  class=\"elementor-icon\">\n\t\t\t\t<i aria-hidden=\"true\" class=\"flaticon flaticon-right-arrow\"><\/i>\t\t\t\t<\/span>\n\t\t\t<\/div>\n\t\t\t\n\t\t\t\t\t\t<div class=\"elementor-icon-box-content\">\n\n\t\t\t\t\t\t\t\t\t<h3 class=\"elementor-icon-box-title\">\n\t\t\t\t\t\t<span  >\n\t\t\t\t\t\t\tKapsaml\u0131 \u0130\u00e7erik\t\t\t\t\t\t<\/span>\n\t\t\t\t\t<\/h3>\n\t\t\t\t\n\t\t\t\t\t\t\t\t\t<p class=\"elementor-icon-box-description\">\n\t\t\t\t\t\tE\u011fitimlerimiz, i\u015f d\u00fcnyas\u0131nda kar\u015f\u0131la\u015f\u0131lan ger\u00e7ek durumlarla do\u011frudan ba\u011flant\u0131l\u0131 i\u00e7eriklere sahip olup, kat\u0131l\u0131mc\u0131lar\u0131n i\u015f hayatlar\u0131nda kullanabilecekleri becerileri kazanmalar\u0131n\u0131 sa\u011flar.\t\t\t\t\t<\/p>\n\t\t\t\t\n\t\t\t<\/div>\n\t\t\t\n\t\t<\/div>\n\t\t\t\t\t\t<\/div>\n\t\t\t\t<\/div>\n\t\t\t\t<div class=\"elementor-element elementor-element-e07ac86 elementor-view-framed elementor-shape-rounded elementor-position-left elementor-vertical-align-middle elementor-mobile-position-top elementor-widget elementor-widget-icon-box\" data-id=\"e07ac86\" data-element_type=\"widget\" data-widget_type=\"icon-box.default\">\n\t\t\t\t<div class=\"elementor-widget-container\">\n\t\t\t\t\t\t\t<div class=\"elementor-icon-box-wrapper\">\n\n\t\t\t\t\t\t<div class=\"elementor-icon-box-icon\">\n\t\t\t\t<span  class=\"elementor-icon\">\n\t\t\t\t<i aria-hidden=\"true\" class=\"flaticon flaticon-right-arrow\"><\/i>\t\t\t\t<\/span>\n\t\t\t<\/div>\n\t\t\t\n\t\t\t\t\t\t<div class=\"elementor-icon-box-content\">\n\n\t\t\t\t\t\t\t\t\t<h3 class=\"elementor-icon-box-title\">\n\t\t\t\t\t\t<span  >\n\t\t\t\t\t\t\tEsnek E\u011fitim Programlar\u0131\t\t\t\t\t\t<\/span>\n\t\t\t\t\t<\/h3>\n\t\t\t\t\n\t\t\t\t\t\t\t\t\t<p class=\"elementor-icon-box-description\">\n\t\t\t\t\t\t\u0130htiyac\u0131n\u0131za g\u00f6re \u00f6zelle\u015ftirilmi\u015f e\u011fitim programlar\u0131 sunuyoruz. Hem bireysel hem de kurumsal e\u011fitim \u00e7\u00f6z\u00fcmleri ile her kat\u0131l\u0131mc\u0131ya uygun se\u00e7enekler sunabiliyoruz.\t\t\t\t\t<\/p>\n\t\t\t\t\n\t\t\t<\/div>\n\t\t\t\n\t\t<\/div>\n\t\t\t\t\t\t<\/div>\n\t\t\t\t<\/div>\n\t\t\t\t<div class=\"elementor-element elementor-element-14044ac elementor-view-framed elementor-shape-rounded elementor-position-left elementor-vertical-align-middle elementor-mobile-position-top elementor-widget elementor-widget-icon-box\" data-id=\"14044ac\" data-element_type=\"widget\" data-widget_type=\"icon-box.default\">\n\t\t\t\t<div class=\"elementor-widget-container\">\n\t\t\t\t\t\t\t<div class=\"elementor-icon-box-wrapper\">\n\n\t\t\t\t\t\t<div class=\"elementor-icon-box-icon\">\n\t\t\t\t<span  class=\"elementor-icon\">\n\t\t\t\t<i aria-hidden=\"true\" class=\"flaticon flaticon-right-arrow\"><\/i>\t\t\t\t<\/span>\n\t\t\t<\/div>\n\t\t\t\n\t\t\t\t\t\t<div class=\"elementor-icon-box-content\">\n\n\t\t\t\t\t\t\t\t\t<h3 class=\"elementor-icon-box-title\">\n\t\t\t\t\t\t<span  >\n\t\t\t\t\t\t\tS\u00fcrekli Destek\t\t\t\t\t\t<\/span>\n\t\t\t\t\t<\/h3>\n\t\t\t\t\n\t\t\t\t\t\t\t\t\t<p class=\"elementor-icon-box-description\">\n\t\t\t\t\t\tE\u011fitim sonras\u0131nda kat\u0131l\u0131mc\u0131lara, \u00f6\u011frendikleri bilgilerin uygulamaya ge\u00e7irilmesi konusunda s\u00fcrekli destek sa\u011fl\u0131yoruz.\t\t\t\t\t<\/p>\n\t\t\t\t\n\t\t\t<\/div>\n\t\t\t\n\t\t<\/div>\n\t\t\t\t\t\t<\/div>\n\t\t\t\t<\/div>\n\t\t\t\t<div class=\"elementor-element elementor-element-9a302f4 elementor-widget elementor-widget-heading\" data-id=\"9a302f4\" data-element_type=\"widget\" data-widget_type=\"heading.default\">\n\t\t\t\t<div class=\"elementor-widget-container\">\n\t\t\t\t\t<p class=\"elementor-heading-title elementor-size-default\">Vadi Dan\u0131\u015fmanl\u0131k ve Etkinlik Y\u00f6netimi olarak, i\u015f d\u00fcnyas\u0131nda ba\u015far\u0131n\u0131z\u0131 art\u0131racak e\u011fitim programlar\u0131n\u0131 sunmak i\u00e7in yan\u0131n\u0131zday\u0131z. Finansal analiz, banka ili\u015fkileri ve ticaret y\u00f6netimi alanlar\u0131ndaki derinlemesine bilgiyi ve stratejiyi ke\u015ffetmek i\u00e7in bizimle ileti\u015fime ge\u00e7ebilirsiniz.<\/p>\t\t\t\t<\/div>\n\t\t\t\t<\/div>\n\t\t\t\t\t<\/div>\n\t\t<\/div>\n\t\t\t\t\t<\/div>\n\t\t<\/section>\n\t\t\t\t<\/div>\n\t\t","protected":false},"excerpt":{"rendered":"<p>E\u011fitim Hizmetleri E\u011fitimlerimiz, kat\u0131l\u0131mc\u0131lar\u0131n ger\u00e7ek d\u00fcnyadaki i\u015f problemleriyle ilgili bilgi edinmelerini sa\u011flayacak \u015fekilde tasarlanm\u0131\u015ft\u0131r. E\u011fitimlerimiz; interaktif oturumlar, vaka analizleri, grup tart\u0131\u015fmalar\u0131 ve pratik uygulamalarla zenginle\u015ftirilmi\u015ftir. Kat\u0131l\u0131mc\u0131lar, teorik bilgileri pratikte nas\u0131l kullanacaklar\u0131n\u0131 \u00f6\u011frenirken, uzman e\u011fitmenlerden direkt geri bildirim alarak e\u011fitim s\u00fcrecini daha verimli hale getirebilirler. Neden Vadi Dan\u0131\u015fmanl\u0131k? Tecr\u00fcbeli E\u011fitmenler Alan\u0131nda uzman ve sekt\u00f6rde deneyim kazanm\u0131\u015f [&hellip;]<\/p>\n","protected":false},"author":1,"featured_media":5572,"parent":0,"menu_order":0,"comment_status":"closed","ping_status":"closed","template":"","meta":{"footnotes":""},"class_list":["post-5661","page","type-page","status-publish","has-post-thumbnail","hentry"],"_links":{"self":[{"href":"https:\/\/vadidanismanlik.com.tr\/en\/wp-json\/wp\/v2\/pages\/5661","targetHints":{"allow":["GET"]}}],"collection":[{"href":"https:\/\/vadidanismanlik.com.tr\/en\/wp-json\/wp\/v2\/pages"}],"about":[{"href":"https:\/\/vadidanismanlik.com.tr\/en\/wp-json\/wp\/v2\/types\/page"}],"author":[{"embeddable":true,"href":"https:\/\/vadidanismanlik.com.tr\/en\/wp-json\/wp\/v2\/users\/1"}],"replies":[{"embeddable":true,"href":"https:\/\/vadidanismanlik.com.tr\/en\/wp-json\/wp\/v2\/comments?post=5661"}],"version-history":[{"count":9,"href":"https:\/\/vadidanismanlik.com.tr\/en\/wp-json\/wp\/v2\/pages\/5661\/revisions"}],"predecessor-version":[{"id":6110,"href":"https:\/\/vadidanismanlik.com.tr\/en\/wp-json\/wp\/v2\/pages\/5661\/revisions\/6110"}],"wp:featuredmedia":[{"embeddable":true,"href":"https:\/\/vadidanismanlik.com.tr\/en\/wp-json\/wp\/v2\/media\/5572"}],"wp:attachment":[{"href":"https:\/\/vadidanismanlik.com.tr\/en\/wp-json\/wp\/v2\/media?parent=5661"}],"curies":[{"name":"wp","href":"https:\/\/api.w.org\/{rel}","templated":true}]}}